{"id":6049,"date":"2021-07-22T09:27:56","date_gmt":"2021-07-22T06:27:56","guid":{"rendered":"https:\/\/expoyachtsriga.lv\/main-home\/"},"modified":"2025-03-21T17:51:22","modified_gmt":"2025-03-21T15:51:22","slug":"main-home","status":"publish","type":"page","link":"https:\/\/galeon.lv\/lv\/","title":{"rendered":"S\u0101kums"},"content":{"rendered":"\t\t<div data-elementor-type=\"wp-page\" data-elementor-id=\"6049\" class=\"elementor elementor-6049 elementor-180\" data-elementor-post-type=\"page\">\n\t\t\t\t<div class=\"elementor-element elementor-element-395fe91 e-con-full e-flex e-con e-parent\" data-id=\"395fe91\" data-element_type=\"container\" data-settings=\"{&quot;background_background&quot;:&quot;video&quot;,&quot;background_video_link&quot;:&quot;https:\\\/\\\/galeon.lv\\\/wp-content\\\/uploads\\\/2024\\\/09\\\/SX400GTO-PROMO-2023-WithLogoIntro-1m-4K_converted-Trim.mp4&quot;,&quot;background_play_on_mobile&quot;:&quot;yes&quot;}\">\n\t\t<div class=\"elementor-background-video-container\" aria-hidden=\"true\">\n\t\t\t\t\t\t\t<video class=\"elementor-background-video-hosted\" autoplay muted playsinline loop><\/video>\n\t\t\t\t\t<\/div><div class=\"elementor-element elementor-element-8e28fe7 e-flex e-con-boxed e-con e-child\" data-id=\"8e28fe7\" data-element_type=\"container\">\n\t\t\t\t\t<div class=\"e-con-inner\">\n\t\t\t\t<div class=\"elementor-element elementor-element-554d99b elementor-widget elementor-widget-seafarer_core_section_title\" data-id=\"554d99b\" data-element_type=\"widget\" data-widget_type=\"seafarer_core_section_title.default\">\n\t\t\t\t<div class=\"elementor-widget-container\">\n\t\t\t\t\t<div class=\"qodef-shortcode qodef-m  qodef-section-title qodef-alignment--left \">\n\t\t<div class=\"qodef-m-content\">\n\t\t\n\t\t\t\t\t<h1 class=\"qodef-m-title\" style=\"color: #FFFFFF\">\n\t\t\t\t\tJAUNAIS SAXDOR 320GTC\t\t\t<\/h1>\n\t\t\t<\/div>\n<\/div>\n\t\t\t\t<\/div>\n\t\t\t\t<\/div>\n\t\t\t\t<div class=\"elementor-element elementor-element-b8d94e7 elementor-widget__width-initial elementor-widget-mobile__width-inherit elementor-widget elementor-widget-text-editor\" data-id=\"b8d94e7\" data-element_type=\"widget\" data-widget_type=\"text-editor.default\">\n\t\t\t\t<div class=\"elementor-widget-container\">\n\t\t\t\t\t\t\t\t\t<p style=\"font-size: 17px; line-height: 28px;\">Atkl\u0101jiet jaunu noda\u013cu sav\u0101 dz\u012bv\u0113, \u013caujot SAXDOR pied\u0101v\u0101t br\u012bv\u012bbas saj\u016btu un iesp\u0113ju izp\u0113t\u012bt jaunus apv\u0101r\u0161\u0146us<\/p>\t\t\t\t\t\t\t\t<\/div>\n\t\t\t\t<\/div>\n\t\t\t\t<div class=\"elementor-element elementor-element-90f3d20 elementor-widget__width-auto elementor-widget-mobile__width-inherit elementor-widget elementor-widget-seafarer_core_button\" data-id=\"90f3d20\" data-element_type=\"widget\" data-widget_type=\"seafarer_core_button.default\">\n\t\t\t\t<div class=\"elementor-widget-container\">\n\t\t\t\t\t<a class=\"qodef-shortcode qodef-m  qodef-button qodef-layout--outlined  qodef-html--link\" href=\"https:\/\/galeon.lv\/lv\/boat\/320-gtc\/\" target=\"_self\" data-hover-color=\"#031C33\" data-hover-background-color=\"#FFFFFF\" data-hover-border-color=\"#FFFFFF\" style=\"color: #FFFFFF;border-color: #FFFFFF\">\n\t<span class=\"qodef-m-text\">Uzzin\u0101t vair\u0101k<\/span>\n<\/a>\n\t\t\t\t<\/div>\n\t\t\t\t<\/div>\n\t\t\t\t\t<\/div>\n\t\t\t\t<\/div>\n\t\t\t\t<\/div>\n\t\t\t\t<section class=\"elementor-section elementor-top-section elementor-element elementor-element-3985e15 elementor-section-full_width qodef-elementor-content-grid elementor-section-height-default elementor-section-height-default\" data-id=\"3985e15\" data-element_type=\"section\">\n\t\t\t\t\t\t<div class=\"elementor-container elementor-column-gap-default\">\n\t\t\t\t\t<div class=\"elementor-column elementor-col-100 elementor-top-column elementor-element elementor-element-d48048a\" data-id=\"d48048a\" data-element_type=\"column\">\n\t\t\t<div class=\"elementor-widget-wrap elementor-element-populated\">\n\t\t\t\t\t\t<div class=\"elementor-element elementor-element-967223f elementor-widget elementor-widget-seafarer_core_section_title\" data-id=\"967223f\" data-element_type=\"widget\" data-widget_type=\"seafarer_core_section_title.default\">\n\t\t\t\t<div class=\"elementor-widget-container\">\n\t\t\t\t\t<div class=\"qodef-shortcode qodef-m  qodef-section-title qodef-alignment--center \">\n\t\t<div class=\"qodef-m-content\">\n\t\t    <span class=\"qodef-m-background-text\" >\n    LAIVAS    <\/span>\n\n\t\t    <h6 class=\"qodef-m-subtitle\" >\n    Jaunas un lietotas laivas    <\/h6>\n\t\t\t<h1 class=\"qodef-m-title\" >\n\t\t\t\t\tSAXDOR un citi brendi\t\t\t<\/h1>\n\t\t\t<\/div>\n<\/div>\n\t\t\t\t<\/div>\n\t\t\t\t<\/div>\n\t\t\t\t<div class=\"elementor-element elementor-element-52f8783 elementor-widget elementor-widget-html\" data-id=\"52f8783\" data-element_type=\"widget\" data-widget_type=\"html.default\">\n\t\t\t\t<div class=\"elementor-widget-container\">\n\t\t\t\t\t<style>\n    .img-container img{\n        transition:all .5s ease-in-out;\n    }\n    .img-container img:hover{\n        transform: scale(1.1);\n    }\n<\/style>\t\t\t\t<\/div>\n\t\t\t\t<\/div>\n\t\t\t\t\t<\/div>\n\t\t<\/div>\n\t\t\t\t\t<\/div>\n\t\t<\/section>\n\t\t<div class=\"elementor-element elementor-element-c58a789 e-flex e-con-boxed e-con e-parent\" data-id=\"c58a789\" data-element_type=\"container\">\n\t\t\t\t\t<div class=\"e-con-inner\">\n\t\t<div class=\"elementor-element elementor-element-3751d55 e-con-full e-flex e-con e-child\" data-id=\"3751d55\" data-element_type=\"container\">\n\t\t\t\t<div class=\"elementor-element elementor-element-d7ab4a4 elementor-widget elementor-widget-image\" data-id=\"d7ab4a4\" data-element_type=\"widget\" data-widget_type=\"image.default\">\n\t\t\t\t<div class=\"elementor-widget-container\">\n\t\t\t\t\t\t\t\t\t\t\t\t\t\t\t\t<a href=\"https:\/\/galeon.lv\/lv\/condition\/jaunas-laivas\/\">\n\t\t\t\t\t\t\t<img fetchpriority=\"high\" decoding=\"async\" width=\"1024\" height=\"682\" src=\"https:\/\/galeon.lv\/wp-content\/uploads\/2025\/01\/DJI_0449-1024x682.jpg\" class=\"attachment-large size-large wp-image-6852\" alt=\"\" srcset=\"https:\/\/galeon.lv\/wp-content\/uploads\/2025\/01\/DJI_0449-1024x682.jpg 1024w, https:\/\/galeon.lv\/wp-content\/uploads\/2025\/01\/DJI_0449-300x200.jpg 300w, https:\/\/galeon.lv\/wp-content\/uploads\/2025\/01\/DJI_0449-768x512.jpg 768w, https:\/\/galeon.lv\/wp-content\/uploads\/2025\/01\/DJI_0449-1536x1023.jpg 1536w, https:\/\/galeon.lv\/wp-content\/uploads\/2025\/01\/DJI_0449-2048x1365.jpg 2048w\" sizes=\"(max-width: 1024px) 100vw, 1024px\" \/>\t\t\t\t\t\t\t\t<\/a>\n\t\t\t\t\t\t\t\t\t\t\t\t\t\t\t<\/div>\n\t\t\t\t<\/div>\n\t\t\t\t<div class=\"elementor-element elementor-element-2062df8 elementor-widget elementor-widget-text-editor\" data-id=\"2062df8\" data-element_type=\"widget\" data-widget_type=\"text-editor.default\">\n\t\t\t\t<div class=\"elementor-widget-container\">\n\t\t\t\t\t\t\t\t\t<h3 style=\"color: #ffffff; text-align: center;\"><span style=\"color: #000000;\">Jaunas laivas<\/span><\/h3>\t\t\t\t\t\t\t\t<\/div>\n\t\t\t\t<\/div>\n\t\t\t\t<\/div>\n\t\t<div class=\"elementor-element elementor-element-e49a922 e-con-full e-flex e-con e-child\" data-id=\"e49a922\" data-element_type=\"container\">\n\t\t\t\t<div class=\"elementor-element elementor-element-2fda49d elementor-widget elementor-widget-image\" data-id=\"2fda49d\" data-element_type=\"widget\" data-widget_type=\"image.default\">\n\t\t\t\t<div class=\"elementor-widget-container\">\n\t\t\t\t\t\t\t\t\t\t\t\t\t\t\t\t<a href=\"https:\/\/galeon.lv\/lv\/condition\/lietotas-laivas\/\">\n\t\t\t\t\t\t\t<img decoding=\"async\" width=\"960\" height=\"639\" src=\"https:\/\/galeon.lv\/wp-content\/uploads\/2024\/07\/SX270GTO-INTERIOR-2023-0701PALMA-30-04-23.jpg\" class=\"attachment-large size-large wp-image-5938\" alt=\"\" srcset=\"https:\/\/galeon.lv\/wp-content\/uploads\/2024\/07\/SX270GTO-INTERIOR-2023-0701PALMA-30-04-23.jpg 960w, https:\/\/galeon.lv\/wp-content\/uploads\/2024\/07\/SX270GTO-INTERIOR-2023-0701PALMA-30-04-23-300x200.jpg 300w, https:\/\/galeon.lv\/wp-content\/uploads\/2024\/07\/SX270GTO-INTERIOR-2023-0701PALMA-30-04-23-768x511.jpg 768w\" sizes=\"(max-width: 960px) 100vw, 960px\" \/>\t\t\t\t\t\t\t\t<\/a>\n\t\t\t\t\t\t\t\t\t\t\t\t\t\t\t<\/div>\n\t\t\t\t<\/div>\n\t\t\t\t<div class=\"elementor-element elementor-element-084dfb8 elementor-widget elementor-widget-text-editor\" data-id=\"084dfb8\" data-element_type=\"widget\" data-widget_type=\"text-editor.default\">\n\t\t\t\t<div class=\"elementor-widget-container\">\n\t\t\t\t\t\t\t\t\t<h3 style=\"text-align: center;\"><span style=\"color: #000000;\">Lietotas laivas<\/span><\/h3>\t\t\t\t\t\t\t\t<\/div>\n\t\t\t\t<\/div>\n\t\t\t\t<\/div>\n\t\t\t\t\t<\/div>\n\t\t\t\t<\/div>\n\t\t\t\t<section class=\"elementor-section elementor-top-section elementor-element elementor-element-d3b77a2 elementor-section-full_width elementor-section-height-default elementor-section-height-default qodef-elementor-content-no\" data-id=\"d3b77a2\" data-element_type=\"section\">\n\t\t\t\t\t\t<div class=\"elementor-container elementor-column-gap-default\">\n\t\t\t\t\t<div class=\"elementor-column elementor-col-100 elementor-top-column elementor-element elementor-element-9449d2a\" data-id=\"9449d2a\" data-element_type=\"column\" data-settings=\"{&quot;background_background&quot;:&quot;classic&quot;}\">\n\t\t\t<div class=\"elementor-widget-wrap elementor-element-populated\">\n\t\t\t\t\t\t<div class=\"elementor-element elementor-element-1b00933 elementor-widget__width-auto elementor-widget elementor-widget-wp-widget-seafarer_core_custom_font\" data-id=\"1b00933\" data-element_type=\"widget\" data-widget_type=\"wp-widget-seafarer_core_custom_font.default\">\n\t\t\t\t<div class=\"elementor-widget-container\">\n\t\t\t\t\t<h1 class=\"qodef-shortcode qodef-m  qodef-custom-font qodef-custom-font-82 qodef-layout--simple\" style=\"color: #fff;font-size: 60px\">izv\u0113lies to, kas piest\u0101v tev<\/h1>\t\t\t\t<\/div>\n\t\t\t\t<\/div>\n\t\t\t\t\t<\/div>\n\t\t<\/div>\n\t\t\t\t\t<\/div>\n\t\t<\/section>\n\t\t\t\t<section class=\"elementor-section elementor-top-section elementor-element elementor-element-93c37ae elementor-section-full_width qodef-elementor-content-grid elementor-section-height-default elementor-section-height-default\" data-id=\"93c37ae\" data-element_type=\"section\">\n\t\t\t\t\t\t<div class=\"elementor-container elementor-column-gap-default\">\n\t\t\t\t\t<div class=\"elementor-column elementor-col-100 elementor-top-column elementor-element elementor-element-d3c35a7\" data-id=\"d3c35a7\" data-element_type=\"column\">\n\t\t\t<div class=\"elementor-widget-wrap elementor-element-populated\">\n\t\t\t\t\t\t<div class=\"elementor-element elementor-element-178a665 elementor-widget elementor-widget-seafarer_core_section_title\" data-id=\"178a665\" data-element_type=\"widget\" data-widget_type=\"seafarer_core_section_title.default\">\n\t\t\t\t<div class=\"elementor-widget-container\">\n\t\t\t\t\t<div class=\"qodef-shortcode qodef-m  qodef-section-title qodef-alignment--center \">\n\t\t<div class=\"qodef-m-image\">\n\t\t<img decoding=\"async\" width=\"74\" height=\"108\" src=\"https:\/\/galeon.lv\/wp-content\/uploads\/2021\/07\/Sidebar-img.png\" class=\"attachment-full size-full\" alt=\"a\" \/>\t<\/div>\n\t<div class=\"qodef-m-content\">\n\t\t    <span class=\"qodef-m-background-text\" >\n    YACHTS    <\/span>\n\n\t\t    <h6 class=\"qodef-m-subtitle\" >\n    ACTIVE SINCE 1971.     <\/h6>\n\t\t\t<h1 class=\"qodef-m-title\" >\n\t\t\t\t\tSAXDOR jahtas\t\t\t<\/h1>\n\t\t\t<\/div>\n<\/div>\n\t\t\t\t<\/div>\n\t\t\t\t<\/div>\n\t\t\t\t\t<\/div>\n\t\t<\/div>\n\t\t\t\t\t<\/div>\n\t\t<\/section>\n\t\t<div class=\"elementor-element elementor-element-1d01367 e-flex e-con-boxed e-con e-parent\" data-id=\"1d01367\" data-element_type=\"container\">\n\t\t\t\t\t<div class=\"e-con-inner\">\n\t\t<div class=\"elementor-element elementor-element-55773f5 e-con-full e-flex e-con e-child\" data-id=\"55773f5\" data-element_type=\"container\">\n\t\t\t\t<div class=\"elementor-element elementor-element-819c759 elementor-widget elementor-widget-jet-listing-grid\" data-id=\"819c759\" data-element_type=\"widget\" data-settings=\"{&quot;columns&quot;:3,&quot;columns_mobile&quot;:&quot;1&quot;}\" data-widget_type=\"jet-listing-grid.default\">\n\t\t\t\t<div class=\"elementor-widget-container\">\n\t\t\t\t\t<div class=\"jet-listing-grid jet-listing\"><div class=\"jet-listing-not-found jet-listing-grid__items\" data-nav=\"{&quot;enabled&quot;:false,&quot;type&quot;:null,&quot;more_el&quot;:null,&quot;query&quot;:[],&quot;widget_settings&quot;:{&quot;lisitng_id&quot;:5416,&quot;posts_num&quot;:3,&quot;columns&quot;:3,&quot;columns_tablet&quot;:3,&quot;columns_mobile&quot;:1,&quot;column_min_width&quot;:240,&quot;column_min_width_tablet&quot;:240,&quot;column_min_width_mobile&quot;:240,&quot;inline_columns_css&quot;:false,&quot;is_archive_template&quot;:&quot;&quot;,&quot;post_status&quot;:[&quot;publish&quot;],&quot;use_random_posts_num&quot;:&quot;&quot;,&quot;max_posts_num&quot;:9,&quot;not_found_message&quot;:&quot;No data was found&quot;,&quot;is_masonry&quot;:false,&quot;equal_columns_height&quot;:&quot;&quot;,&quot;use_load_more&quot;:&quot;&quot;,&quot;load_more_id&quot;:&quot;&quot;,&quot;load_more_type&quot;:&quot;click&quot;,&quot;load_more_offset&quot;:{&quot;unit&quot;:&quot;px&quot;,&quot;size&quot;:0,&quot;sizes&quot;:[]},&quot;use_custom_post_types&quot;:&quot;&quot;,&quot;custom_post_types&quot;:[],&quot;hide_widget_if&quot;:&quot;&quot;,&quot;carousel_enabled&quot;:&quot;&quot;,&quot;slides_to_scroll&quot;:&quot;1&quot;,&quot;arrows&quot;:&quot;true&quot;,&quot;arrow_icon&quot;:&quot;fa fa-angle-left&quot;,&quot;dots&quot;:&quot;&quot;,&quot;autoplay&quot;:&quot;true&quot;,&quot;pause_on_hover&quot;:&quot;true&quot;,&quot;autoplay_speed&quot;:5000,&quot;infinite&quot;:&quot;true&quot;,&quot;center_mode&quot;:&quot;&quot;,&quot;effect&quot;:&quot;slide&quot;,&quot;speed&quot;:500,&quot;inject_alternative_items&quot;:&quot;&quot;,&quot;injection_items&quot;:[],&quot;scroll_slider_enabled&quot;:&quot;&quot;,&quot;scroll_slider_on&quot;:[&quot;desktop&quot;,&quot;tablet&quot;,&quot;mobile&quot;],&quot;custom_query&quot;:false,&quot;custom_query_id&quot;:&quot;&quot;,&quot;_element_id&quot;:&quot;&quot;,&quot;collapse_first_last_gap&quot;:false,&quot;list_tag_selection&quot;:&quot;&quot;,&quot;list_items_wrapper_tag&quot;:&quot;div&quot;,&quot;list_item_tag&quot;:&quot;div&quot;,&quot;empty_items_wrapper_tag&quot;:&quot;div&quot;}}\" data-listing-source=\"posts\" data-listing-id=\"5416\" data-query-id=\"\" data-queried-id=\"6049|WP_Post\">No data was found<\/div><\/div>\t\t\t\t<\/div>\n\t\t\t\t<\/div>\n\t\t\t\t<\/div>\n\t\t\t\t\t<\/div>\n\t\t\t\t<\/div>\n\t\t\t\t<section class=\"elementor-section elementor-top-section elementor-element elementor-element-0786b86 elementor-section-full_width elementor-section-height-default elementor-section-height-default qodef-elementor-content-no\" data-id=\"0786b86\" data-element_type=\"section\">\n\t\t\t\t\t\t<div class=\"elementor-container elementor-column-gap-default\">\n\t\t\t\t\t<div class=\"elementor-column elementor-col-100 elementor-top-column elementor-element elementor-element-17f4a01\" data-id=\"17f4a01\" data-element_type=\"column\">\n\t\t\t<div class=\"elementor-widget-wrap elementor-element-populated\">\n\t\t\t\t\t\t<div class=\"elementor-element elementor-element-478b419 elementor-widget elementor-widget-seafarer_core_video_button\" data-id=\"478b419\" data-element_type=\"widget\" data-widget_type=\"seafarer_core_video_button.default\">\n\t\t\t\t<div class=\"elementor-widget-container\">\n\t\t\t\t\t<div class=\"qodef-shortcode qodef-m  qodef-video-button qodef--has-img\">\n\t\t<div class=\"qodef-m-image\">\n\t\t<img loading=\"lazy\" decoding=\"async\" width=\"1920\" height=\"754\" src=\"https:\/\/galeon.lv\/wp-content\/uploads\/2021\/07\/home-1-video.jpg\" class=\"attachment-full size-full\" alt=\"d\" srcset=\"https:\/\/galeon.lv\/wp-content\/uploads\/2021\/07\/home-1-video.jpg 1920w, https:\/\/galeon.lv\/wp-content\/uploads\/2021\/07\/home-1-video-600x236.jpg 600w, https:\/\/galeon.lv\/wp-content\/uploads\/2021\/07\/home-1-video-300x118.jpg 300w, https:\/\/galeon.lv\/wp-content\/uploads\/2021\/07\/home-1-video-1024x402.jpg 1024w, https:\/\/galeon.lv\/wp-content\/uploads\/2021\/07\/home-1-video-768x302.jpg 768w, https:\/\/galeon.lv\/wp-content\/uploads\/2021\/07\/home-1-video-1536x603.jpg 1536w\" sizes=\"(max-width: 1920px) 100vw, 1920px\" \/>\t<\/div>\n\t\t<a itemprop=\"url\" class=\"qodef-m-play qodef-magnific-popup qodef-popup-item\" href=\"https:\/\/vimeo.com\/574632156\" data-type=\"iframe\">\n\t\t<div class=\"qodef-m-play-inner\"  >\n            <span>\n                <svg  xmlns=\"http:\/\/www.w3.org\/2000\/svg\" xmlns:xlink=\"http:\/\/www.w3.org\/1999\/xlink\" x=\"0px\" y=\"0px\" width=\"201px\" height=\"201px\" viewBox=\"0 0 201 201\" enable-background=\"new 0 0 201 201\" xml:space=\"preserve\"><circle fill=\"none\" stroke=\"#C0A888\" stroke-miterlimit=\"10\" cx=\"100.72\" cy=\"100.74\" r=\"92.5\"\/><polygon fill=\"none\" stroke=\"#C0A888\" stroke-miterlimit=\"10\" points=\"95.72,85.74 115.72,100.72 95.72,115.74 \"\/><polygon fill=\"#C0A888\" stroke=\"#C0A888\" stroke-miterlimit=\"10\" points=\"95.72,85.74 115.72,100.72 95.72,115.74 \"\/><\/svg>            <\/span>\n\t\t<\/div>\n\t<\/a>\n<\/div>\n\t\t\t\t<\/div>\n\t\t\t\t<\/div>\n\t\t\t\t\t<\/div>\n\t\t<\/div>\n\t\t\t\t\t<\/div>\n\t\t<\/section>\n\t\t\t\t<\/div>\n\t\t","protected":false},"excerpt":{"rendered":"<p>JAUNAIS SAXDOR 320GTC Atkl\u0101jiet jaunu noda\u013cu sav\u0101 dz\u012bv\u0113, \u013caujot SAXDOR pied\u0101v\u0101t br\u012bv\u012bbas saj\u016btu un iesp\u0113ju izp\u0113t\u012bt jaunus apv\u0101r\u0161\u0146us Uzzin\u0101t vair\u0101k LAIVAS Jaunas un lietotas laivas SAXDOR un citi brendi Jaunas laivas Lietotas laivas YACHTS ACTIVE SINCE 1971. SAXDOR jahtas<\/p>\n","protected":false},"author":1,"featured_media":0,"parent":0,"menu_order":0,"comment_status":"closed","ping_status":"closed","template":"page-full-width.php","meta":{"footnotes":""},"class_list":["post-6049","page","type-page","status-publish","hentry"],"_links":{"self":[{"href":"https:\/\/galeon.lv\/lv\/wp-json\/wp\/v2\/pages\/6049","targetHints":{"allow":["GET"]}}],"collection":[{"href":"https:\/\/galeon.lv\/lv\/wp-json\/wp\/v2\/pages"}],"about":[{"href":"https:\/\/galeon.lv\/lv\/wp-json\/wp\/v2\/types\/page"}],"author":[{"embeddable":true,"href":"https:\/\/galeon.lv\/lv\/wp-json\/wp\/v2\/users\/1"}],"replies":[{"embeddable":true,"href":"https:\/\/galeon.lv\/lv\/wp-json\/wp\/v2\/comments?post=6049"}],"version-history":[{"count":25,"href":"https:\/\/galeon.lv\/lv\/wp-json\/wp\/v2\/pages\/6049\/revisions"}],"predecessor-version":[{"id":6953,"href":"https:\/\/galeon.lv\/lv\/wp-json\/wp\/v2\/pages\/6049\/revisions\/6953"}],"wp:attachment":[{"href":"https:\/\/galeon.lv\/lv\/wp-json\/wp\/v2\/media?parent=6049"}],"curies":[{"name":"wp","href":"https:\/\/api.w.org\/{rel}","templated":true}]}}